{"id":1296,"date":"2024-07-30T22:27:40","date_gmt":"2024-07-30T20:27:40","guid":{"rendered":"https:\/\/www.aoscongres.com\/oecuniversite2024\/?page_id=1296"},"modified":"2024-10-18T10:00:57","modified_gmt":"2024-10-18T08:00:57","slug":"intervenants-2","status":"publish","type":"page","link":"https:\/\/www.aoscongres.com\/oecuniversite2024\/intervenants-2\/","title":{"rendered":"Intervenants"},"content":{"rendered":"\t\t<div data-elementor-type=\"wp-page\" data-elementor-id=\"1296\" class=\"elementor elementor-1296\">\n\t\t\t\t<div class=\"elementor-element elementor-element-cbbd21d e-flex e-con-boxed wpr-particle-no wpr-jarallax-no wpr-parallax-no wpr-sticky-section-no e-con e-parent\" data-id=\"cbbd21d\" data-element_type=\"container\">\n\t\t\t\t\t<div class=\"e-con-inner\">\n\t\t<div class=\"elementor-element elementor-element-451a289 e-con-full e-flex wpr-particle-no wpr-jarallax-no wpr-parallax-no wpr-sticky-section-no e-con e-child\" data-id=\"451a289\" data-element_type=\"container\">\n\t\t\t\t<div class=\"elementor-element elementor-element-9b6d6a2 elementor-widget elementor-widget-heading\" data-id=\"9b6d6a2\" data-element_type=\"widget\" data-widget_type=\"heading.default\">\n\t\t\t\t<div class=\"elementor-widget-container\">\n\t\t\t<h2 class=\"elementor-heading-title elementor-size-default\">Intervenants<\/h2>\t\t<\/div>\n\t\t\t\t<\/div>\n\t\t\t\t<div class=\"elementor-element elementor-element-a67bc6f elementor-widget elementor-widget-heading\" data-id=\"a67bc6f\" data-element_type=\"widget\" data-widget_type=\"heading.default\">\n\t\t\t\t<div class=\"elementor-widget-container\">\n\t\t\t<h2 class=\"elementor-heading-title elementor-size-default\">Intervenants<\/h2>\t\t<\/div>\n\t\t\t\t<\/div>\n\t\t\t\t<\/div>\n\t\t\t\t\t<\/div>\n\t\t\t\t<\/div>\n\t\t<div class=\"elementor-element elementor-element-9f5c1c9 e-flex e-con-boxed wpr-particle-no wpr-jarallax-no wpr-parallax-no wpr-sticky-section-no e-con e-parent\" data-id=\"9f5c1c9\" data-element_type=\"container\" data-settings=\"{&quot;background_background&quot;:&quot;classic&quot;}\">\n\t\t\t\t\t<div class=\"e-con-inner\">\n\t\t\t\t<div class=\"elementor-element elementor-element-71a0410 elementor-widget-divider--view-line_text elementor-widget-divider--element-align-center elementor-widget elementor-widget-divider\" data-id=\"71a0410\" data-element_type=\"widget\" data-widget_type=\"divider.default\">\n\t\t\t\t<div class=\"elementor-widget-container\">\n\t\t\t\t\t<div class=\"elementor-divider\">\n\t\t\t<span class=\"elementor-divider-separator\">\n\t\t\t\t\t\t\t<span class=\"elementor-divider__text elementor-divider__element\">\n\t\t\t\tAteliers\t\t\t\t<\/span>\n\t\t\t\t\t\t<\/span>\n\t\t<\/div>\n\t\t\t\t<\/div>\n\t\t\t\t<\/div>\n\t\t<div class=\"elementor-element elementor-element-0f7f0fc e-con-full e-flex wpr-particle-no wpr-jarallax-no wpr-parallax-no wpr-sticky-section-no e-con e-child\" data-id=\"0f7f0fc\" data-element_type=\"container\">\n\t\t<div class=\"elementor-element elementor-element-aca0b7a e-con-full e-flex wpr-particle-no wpr-jarallax-no wpr-parallax-no wpr-sticky-section-no e-con e-child\" data-id=\"aca0b7a\" data-element_type=\"container\">\n\t\t\t\t<div class=\"elementor-element elementor-element-f296f4a elementor-widget elementor-widget-image\" data-id=\"f296f4a\" data-element_type=\"widget\" data-widget_type=\"image.default\">\n\t\t\t\t<div class=\"elementor-widget-container\">\n\t\t\t\t\t\t\t\t\t\t\t\t\t<img decoding=\"async\" src=\"https:\/\/www.aoscongres.com\/oecuniversite2024\/wp-content\/uploads\/elementor\/thumbs\/1637507615589-1-qvmughpb24ep0atotxunqx8x67ylap5zkst6ryqx6w.jpeg\" title=\"1637507615589 (1)\" alt=\"\" loading=\"lazy\" \/>\t\t\t\t\t\t\t\t\t\t\t\t\t<\/div>\n\t\t\t\t<\/div>\n\t\t\t\t<div class=\"elementor-element elementor-element-b86ca1c elementor-widget elementor-widget-heading\" data-id=\"b86ca1c\" data-element_type=\"widget\" data-widget_type=\"heading.default\">\n\t\t\t\t<div class=\"elementor-widget-container\">\n\t\t\t<h2 class=\"elementor-heading-title elementor-size-default\">Thomas ROUILLARD<\/h2>\t\t<\/div>\n\t\t\t\t<\/div>\n\t\t\t\t<div class=\"elementor-element elementor-element-9e5ffba elementor-widget elementor-widget-heading\" data-id=\"9e5ffba\" data-element_type=\"widget\" data-widget_type=\"heading.default\">\n\t\t\t\t<div class=\"elementor-widget-container\">\n\t\t\t<h2 class=\"elementor-heading-title elementor-size-default\">DIRECTEUR G\u00c9N\u00c9RAL DE FACTORIELLES<\/h2>\t\t<\/div>\n\t\t\t\t<\/div>\n\t\t\t\t<\/div>\n\t\t<div class=\"elementor-element elementor-element-7478e6a e-con-full e-flex wpr-particle-no wpr-jarallax-no wpr-parallax-no wpr-sticky-section-no e-con e-child\" data-id=\"7478e6a\" data-element_type=\"container\">\n\t\t\t\t<div class=\"elementor-element elementor-element-da91906 elementor-widget elementor-widget-image\" data-id=\"da91906\" data-element_type=\"widget\" data-widget_type=\"image.default\">\n\t\t\t\t<div class=\"elementor-widget-container\">\n\t\t\t\t\t\t\t\t\t\t\t\t\t<img decoding=\"async\" src=\"https:\/\/www.aoscongres.com\/oecuniversite2024\/wp-content\/uploads\/elementor\/thumbs\/Daniel-Elena--scaled-qrz8dg5j17ibz0s4x62ftfk168x5j4y5wisn7w4t54.jpg\" title=\"Daniel Elena\" alt=\"\" loading=\"lazy\" \/>\t\t\t\t\t\t\t\t\t\t\t\t\t<\/div>\n\t\t\t\t<\/div>\n\t\t\t\t<div class=\"elementor-element elementor-element-5c7965e elementor-widget elementor-widget-heading\" data-id=\"5c7965e\" data-element_type=\"widget\" data-widget_type=\"heading.default\">\n\t\t\t\t<div class=\"elementor-widget-container\">\n\t\t\t<h2 class=\"elementor-heading-title elementor-size-default\">Daniel ELENA<\/h2>\t\t<\/div>\n\t\t\t\t<\/div>\n\t\t\t\t<div class=\"elementor-element elementor-element-4a4e5f9 elementor-widget elementor-widget-heading\" data-id=\"4a4e5f9\" data-element_type=\"widget\" data-widget_type=\"heading.default\">\n\t\t\t\t<div class=\"elementor-widget-container\">\n\t\t\t<h2 class=\"elementor-heading-title elementor-size-default\">COPILOTE DE RALLYE<\/h2>\t\t<\/div>\n\t\t\t\t<\/div>\n\t\t\t\t<\/div>\n\t\t<div class=\"elementor-element elementor-element-778b8ac e-con-full e-flex wpr-particle-no wpr-jarallax-no wpr-parallax-no wpr-sticky-section-no e-con e-child\" data-id=\"778b8ac\" data-element_type=\"container\">\n\t\t\t\t<div class=\"elementor-element elementor-element-8134417 elementor-widget elementor-widget-image\" data-id=\"8134417\" data-element_type=\"widget\" data-widget_type=\"image.default\">\n\t\t\t\t<div class=\"elementor-widget-container\">\n\t\t\t\t\t\t\t\t\t\t\t\t\t<img decoding=\"async\" src=\"https:\/\/www.aoscongres.com\/oecuniversite2024\/wp-content\/uploads\/elementor\/thumbs\/Jean-Pierre-COSSIN-qrz8dmqed1rc8aikuqwtsvw9by0q10oa9fd1ktv1xk.jpg\" title=\"Jean-Pierre COSSIN\" alt=\"\" loading=\"lazy\" \/>\t\t\t\t\t\t\t\t\t\t\t\t\t<\/div>\n\t\t\t\t<\/div>\n\t\t\t\t<div class=\"elementor-element elementor-element-9723f8c elementor-widget elementor-widget-heading\" data-id=\"9723f8c\" data-element_type=\"widget\" data-widget_type=\"heading.default\">\n\t\t\t\t<div class=\"elementor-widget-container\">\n\t\t\t<h2 class=\"elementor-heading-title elementor-size-default\">Jean-Pierre COSSIN<\/h2>\t\t<\/div>\n\t\t\t\t<\/div>\n\t\t\t\t<div class=\"elementor-element elementor-element-2474aa6 elementor-widget elementor-widget-heading\" data-id=\"2474aa6\" data-element_type=\"widget\" data-widget_type=\"heading.default\">\n\t\t\t\t<div class=\"elementor-widget-container\">\n\t\t\t<h2 class=\"elementor-heading-title elementor-size-default\">CONSEILLER MA\u00ceTRE \u00c0 LA COUR DES COMPTES<\/h2>\t\t<\/div>\n\t\t\t\t<\/div>\n\t\t\t\t<\/div>\n\t\t\t\t<\/div>\n\t\t\t\t<div class=\"elementor-element elementor-element-40748fe elementor-widget-divider--view-line_text elementor-widget-divider--element-align-center elementor-widget elementor-widget-divider\" data-id=\"40748fe\" data-element_type=\"widget\" data-widget_type=\"divider.default\">\n\t\t\t\t<div class=\"elementor-widget-container\">\n\t\t\t\t\t<div class=\"elementor-divider\">\n\t\t\t<span class=\"elementor-divider-separator\">\n\t\t\t\t\t\t\t<span class=\"elementor-divider__text elementor-divider__element\">\n\t\t\t\tPl\u00e9ni\u00e8res\t\t\t\t<\/span>\n\t\t\t\t\t\t<\/span>\n\t\t<\/div>\n\t\t\t\t<\/div>\n\t\t\t\t<\/div>\n\t\t<div class=\"elementor-element elementor-element-13397ed e-con-full e-flex wpr-particle-no wpr-jarallax-no wpr-parallax-no wpr-sticky-section-no e-con e-child\" data-id=\"13397ed\" data-element_type=\"container\">\n\t\t<div class=\"elementor-element elementor-element-fa848ff e-con-full e-flex wpr-particle-no wpr-jarallax-no wpr-parallax-no wpr-sticky-section-no e-con e-child\" data-id=\"fa848ff\" data-element_type=\"container\">\n\t\t<div class=\"elementor-element elementor-element-f0c9260 e-con-full e-flex wpr-particle-no wpr-jarallax-no wpr-parallax-no wpr-sticky-section-no e-con e-child\" data-id=\"f0c9260\" data-element_type=\"container\">\n\t\t\t\t<div class=\"elementor-element elementor-element-89d8690 elementor-widget elementor-widget-image\" data-id=\"89d8690\" data-element_type=\"widget\" data-widget_type=\"image.default\">\n\t\t\t\t<div class=\"elementor-widget-container\">\n\t\t\t\t\t\t\t\t\t\t\t\t\t<img decoding=\"async\" src=\"https:\/\/www.aoscongres.com\/oecuniversite2024\/wp-content\/uploads\/elementor\/thumbs\/Catherine-Brigant-qvogdxcnyl7lj7m4cvpp8663gn49vn73yqrsjgnibs.png\" title=\"Catherine Brigant\" alt=\"\" loading=\"lazy\" \/>\t\t\t\t\t\t\t\t\t\t\t\t\t<\/div>\n\t\t\t\t<\/div>\n\t\t\t\t<div class=\"elementor-element elementor-element-fea14f0 elementor-widget elementor-widget-heading\" data-id=\"fea14f0\" data-element_type=\"widget\" data-widget_type=\"heading.default\">\n\t\t\t\t<div class=\"elementor-widget-container\">\n\t\t\t<h2 class=\"elementor-heading-title elementor-size-default\">Catherine BRIGANT<\/h2>\t\t<\/div>\n\t\t\t\t<\/div>\n\t\t\t\t<div class=\"elementor-element elementor-element-8811eff elementor-widget elementor-widget-heading\" data-id=\"8811eff\" data-element_type=\"widget\" data-widget_type=\"heading.default\">\n\t\t\t\t<div class=\"elementor-widget-container\">\n\t\t\t<h2 class=\"elementor-heading-title elementor-size-default\">Directrice r\u00e9gionale des Finances Publiques PACA<\/h2>\t\t<\/div>\n\t\t\t\t<\/div>\n\t\t\t\t<\/div>\n\t\t<div class=\"elementor-element elementor-element-5f694a5 e-con-full e-flex wpr-particle-no wpr-jarallax-no wpr-parallax-no wpr-sticky-section-no e-con e-child\" data-id=\"5f694a5\" data-element_type=\"container\">\n\t\t\t\t<div class=\"elementor-element elementor-element-7c35055 elementor-widget elementor-widget-image\" data-id=\"7c35055\" data-element_type=\"widget\" data-widget_type=\"image.default\">\n\t\t\t\t<div class=\"elementor-widget-container\">\n\t\t\t\t\t\t\t\t\t\t\t\t\t<img decoding=\"async\" src=\"https:\/\/www.aoscongres.com\/oecuniversite2024\/wp-content\/uploads\/elementor\/thumbs\/Franck-BARBE-1-qvogl7lmxd6lif16tj2m1tzp757oj747yss9fnuo3s.png\" title=\"Franck BARBE\" alt=\"\" loading=\"lazy\" \/>\t\t\t\t\t\t\t\t\t\t\t\t\t<\/div>\n\t\t\t\t<\/div>\n\t\t\t\t<div class=\"elementor-element elementor-element-e972899 elementor-widget elementor-widget-heading\" data-id=\"e972899\" data-element_type=\"widget\" data-widget_type=\"heading.default\">\n\t\t\t\t<div class=\"elementor-widget-container\">\n\t\t\t<h2 class=\"elementor-heading-title elementor-size-default\">Franck <br>BARBE<\/h2>\t\t<\/div>\n\t\t\t\t<\/div>\n\t\t\t\t<div class=\"elementor-element elementor-element-76819dc elementor-widget elementor-widget-heading\" data-id=\"76819dc\" data-element_type=\"widget\" data-widget_type=\"heading.default\">\n\t\t\t\t<div class=\"elementor-widget-container\">\n\t\t\t<h2 class=\"elementor-heading-title elementor-size-default\">Directeur g\u00e9n\u00e9ral chez URSSAF PACA<\/h2>\t\t<\/div>\n\t\t\t\t<\/div>\n\t\t\t\t<\/div>\n\t\t<div class=\"elementor-element elementor-element-3da0094 e-con-full e-flex wpr-particle-no wpr-jarallax-no wpr-parallax-no wpr-sticky-section-no e-con e-child\" data-id=\"3da0094\" data-element_type=\"container\">\n\t\t\t\t<div class=\"elementor-element elementor-element-75b2fe7 elementor-widget elementor-widget-image\" data-id=\"75b2fe7\" data-element_type=\"widget\" data-widget_type=\"image.default\">\n\t\t\t\t<div class=\"elementor-widget-container\">\n\t\t\t\t\t\t\t\t\t\t\t\t\t<img decoding=\"async\" src=\"https:\/\/www.aoscongres.com\/oecuniversite2024\/wp-content\/uploads\/elementor\/thumbs\/Nicolas-Ferand-1-1-qvogndm8om5ea1vv5ysnasayi4j5a2pxxixk9mmzrc.png\" title=\"Nicolas Fe\u0301rand\" alt=\"\" loading=\"lazy\" \/>\t\t\t\t\t\t\t\t\t\t\t\t\t<\/div>\n\t\t\t\t<\/div>\n\t\t\t\t<div class=\"elementor-element elementor-element-40c35a1 elementor-widget elementor-widget-heading\" data-id=\"40c35a1\" data-element_type=\"widget\" data-widget_type=\"heading.default\">\n\t\t\t\t<div class=\"elementor-widget-container\">\n\t\t\t<h2 class=\"elementor-heading-title elementor-size-default\">Nicolas F\u00c9RAND<\/h2>\t\t<\/div>\n\t\t\t\t<\/div>\n\t\t\t\t<div class=\"elementor-element elementor-element-55d4a2c elementor-widget elementor-widget-heading\" data-id=\"55d4a2c\" data-element_type=\"widget\" data-widget_type=\"heading.default\">\n\t\t\t\t<div class=\"elementor-widget-container\">\n\t\t\t<h2 class=\"elementor-heading-title elementor-size-default\">Pr\u00e9sident du Conseil R\u00e9gional de l\u2019Ordre des Experts-Comptables<\/h2>\t\t<\/div>\n\t\t\t\t<\/div>\n\t\t\t\t<\/div>\n\t\t<div class=\"elementor-element elementor-element-4e1660b e-con-full e-flex wpr-particle-no wpr-jarallax-no wpr-parallax-no wpr-sticky-section-no e-con e-child\" data-id=\"4e1660b\" data-element_type=\"container\">\n\t\t\t\t<div class=\"elementor-element elementor-element-a2b8c3d elementor-widget elementor-widget-image\" data-id=\"a2b8c3d\" data-element_type=\"widget\" data-widget_type=\"image.default\">\n\t\t\t\t<div class=\"elementor-widget-container\">\n\t\t\t\t\t\t\t\t\t\t\t\t\t<img decoding=\"async\" src=\"https:\/\/www.aoscongres.com\/oecuniversite2024\/wp-content\/uploads\/elementor\/thumbs\/Silhouette-homme-qkdxd9occ6otpc45jyo4z4flxu8ls5wnolqguk79mw.png\" title=\"Silhouette-homme\" alt=\"\" loading=\"lazy\" \/>\t\t\t\t\t\t\t\t\t\t\t\t\t<\/div>\n\t\t\t\t<\/div>\n\t\t\t\t<div class=\"elementor-element elementor-element-4cfc22d elementor-widget elementor-widget-heading\" data-id=\"4cfc22d\" data-element_type=\"widget\" data-widget_type=\"heading.default\">\n\t\t\t\t<div class=\"elementor-widget-container\">\n\t\t\t<h2 class=\"elementor-heading-title elementor-size-default\">Romain FROMENT<\/h2>\t\t<\/div>\n\t\t\t\t<\/div>\n\t\t\t\t<\/div>\n\t\t<div class=\"elementor-element elementor-element-1ff2638 e-con-full e-flex wpr-particle-no wpr-jarallax-no wpr-parallax-no wpr-sticky-section-no e-con e-child\" data-id=\"1ff2638\" data-element_type=\"container\">\n\t\t\t\t<div class=\"elementor-element elementor-element-ccaf7e8 elementor-widget elementor-widget-image\" data-id=\"ccaf7e8\" data-element_type=\"widget\" data-widget_type=\"image.default\">\n\t\t\t\t<div class=\"elementor-widget-container\">\n\t\t\t\t\t\t\t\t\t\t\t\t\t<img decoding=\"async\" src=\"https:\/\/www.aoscongres.com\/oecuniversite2024\/wp-content\/uploads\/elementor\/thumbs\/Silhouette-homme-qkdxd9occ6otpc45jyo4z4flxu8ls5wnolqguk79mw.png\" title=\"Silhouette-homme\" alt=\"\" loading=\"lazy\" \/>\t\t\t\t\t\t\t\t\t\t\t\t\t<\/div>\n\t\t\t\t<\/div>\n\t\t\t\t<div class=\"elementor-element elementor-element-2f5289f elementor-widget elementor-widget-heading\" data-id=\"2f5289f\" data-element_type=\"widget\" data-widget_type=\"heading.default\">\n\t\t\t\t<div class=\"elementor-widget-container\">\n\t\t\t<h2 class=\"elementor-heading-title elementor-size-default\">Patrick LEBROS<\/h2>\t\t<\/div>\n\t\t\t\t<\/div>\n\t\t\t\t<div class=\"elementor-element elementor-element-c8dc99a elementor-widget elementor-widget-heading\" data-id=\"c8dc99a\" data-element_type=\"widget\" data-widget_type=\"heading.default\">\n\t\t\t\t<div class=\"elementor-widget-container\">\n\t\t\t<h2 class=\"elementor-heading-title elementor-size-default\">Pr\u00e9sident du Tribunal de commerce de Marseille<\/h2>\t\t<\/div>\n\t\t\t\t<\/div>\n\t\t\t\t<\/div>\n\t\t\t\t<\/div>\n\t\t\t\t<\/div>\n\t\t\t\t\t<\/div>\n\t\t\t\t<\/div>\n\t\t\t\t<\/div>\n\t\t","protected":false},"excerpt":{"rendered":"<p>Intervenants Intervenants Ateliers Thomas ROUILLARD DIRECTEUR G\u00c9N\u00c9RAL DE FACTORIELLES Daniel ELENA COPILOTE DE RALLYE Jean-Pierre COSSIN CONSEILLER MA\u00ceTRE \u00c0 LA COUR DES COMPTES Pl\u00e9ni\u00e8res Catherine BRIGANT Directrice r\u00e9gionale des Finances Publiques PACA Franck BARBE Directeur g\u00e9n\u00e9ral chez URSSAF PACA Nicolas F\u00c9RAND Pr\u00e9sident du Conseil R\u00e9gional de l\u2019Ordre des Experts-Comptables Romain FROMENT Patrick LEBROS Pr\u00e9sident du Tribunal de commerce de Marseille<\/p>\n","protected":false},"author":2,"featured_media":0,"parent":0,"menu_order":0,"comment_status":"closed","ping_status":"closed","template":"elementor_header_footer","meta":{"footnotes":""},"class_list":["post-1296","page","type-page","status-publish","hentry"],"_links":{"self":[{"href":"https:\/\/www.aoscongres.com\/oecuniversite2024\/wp-json\/wp\/v2\/pages\/1296","targetHints":{"allow":["GET"]}}],"collection":[{"href":"https:\/\/www.aoscongres.com\/oecuniversite2024\/wp-json\/wp\/v2\/pages"}],"about":[{"href":"https:\/\/www.aoscongres.com\/oecuniversite2024\/wp-json\/wp\/v2\/types\/page"}],"author":[{"embeddable":true,"href":"https:\/\/www.aoscongres.com\/oecuniversite2024\/wp-json\/wp\/v2\/users\/2"}],"replies":[{"embeddable":true,"href":"https:\/\/www.aoscongres.com\/oecuniversite2024\/wp-json\/wp\/v2\/comments?post=1296"}],"version-history":[{"count":54,"href":"https:\/\/www.aoscongres.com\/oecuniversite2024\/wp-json\/wp\/v2\/pages\/1296\/revisions"}],"predecessor-version":[{"id":1760,"href":"https:\/\/www.aoscongres.com\/oecuniversite2024\/wp-json\/wp\/v2\/pages\/1296\/revisions\/1760"}],"wp:attachment":[{"href":"https:\/\/www.aoscongres.com\/oecuniversite2024\/wp-json\/wp\/v2\/media?parent=1296"}],"curies":[{"name":"wp","href":"https:\/\/api.w.org\/{rel}","templated":true}]}}