{"id":97,"date":"2023-04-18T19:33:29","date_gmt":"2023-04-18T17:33:29","guid":{"rendered":"https:\/\/www.aoscongres.com\/oeccrcccongres2023\/?page_id=97"},"modified":"2023-04-27T12:59:26","modified_gmt":"2023-04-27T10:59:26","slug":"hebergement","status":"publish","type":"page","link":"https:\/\/www.aoscongres.com\/oeccrcccongres2023\/hebergement\/","title":{"rendered":"H\u00e9bergement"},"content":{"rendered":"<section class=\"l-section wpb_row height_large color_primary with_img with_shape\" id=\"programme\"><div class=\"l-section-img\" data-img-width=\"1920\" data-img-height=\"1224\" style=\"background-image: url(https:\/\/www.aoscongres.com\/oeccrcccongres2023\/wp-content\/uploads\/2023\/04\/17.jpg);\"><\/div><div class=\"l-section-shape type_triangle pos_bottom on_front\" style=\"height:7vmin;\"><svg xmlns=\"http:\/\/www.w3.org\/2000\/svg\" viewBox=\"0 0 64 8\" preserveAspectRatio=\"none\" width=\"100%\" height=\"100%\">\r\n\t<path fill=\"currentColor\" d=\"M64 8 L0 8 L0 0 L32 7.9 L64 0 Z\"\/>\r\n<\/svg><\/div><div class=\"l-section-h i-cf\"><div class=\"g-cols vc_row via_flex valign_middle type_default stacking_default\"><div class=\"vc_col-sm-12 wpb_column vc_column_container us_animate_afc\" style=\"animation-delay:0.4s\"><div class=\"vc_column-inner\"><div class=\"wpb_wrapper\"><div class=\"w-separator size_medium\"><\/div><div class=\"w-separator size_medium\"><\/div><\/div><\/div><\/div><\/div><\/div><\/section><div class=\"particle_pjs_ref\" data-id=\"ZNSzG\" data-shape=\"circle\" data-img=\"\" data-pcolor=\"#ffffff\" data-stroke=\"0\" data-scolor=\"#ffffff\" data-sides=\"3\" data-count=\"80\" data-size=\"5\" data-srandom=\"yes\" data-sanimate=\"\" data-sanispeed=\"\" data-smin=\"\" data-opacity=\"\" data-orandom=\"\" data-oanimate=\"\" data-oanispeed=\"\" data-omin=\"\" data-link=\"\" data-ldistance=\"\" data-lcolor=\"#ffffff\" data-lopacity=\"0.4\" data-lwidth=\"1\" data-move=\"yes\" data-direction=\"none\" data-mrandom=\"\" data-mstraight=\"\" data-mspeed=\"6\" data-omode=\"out\" data-hover=\"yes\" data-onhover=\"grab\" data-click=\"\" data-onclick=\"\"><\/div><!-- Row Backgrounds --><div class=\"upb_bg_img\" data-ultimate-bg=\"url(https:\/\/www.aoscongres.com\/oeccrcccongres2022\/wp-content\/uploads\/2022\/04\/bleu.jpg)\" data-image-id=\"id^318|url^https:\/\/www.aoscongres.com\/oeccrcccongres2022\/wp-content\/uploads\/2022\/04\/bleu.jpg|caption^null|alt^null|title^bleu|description^null\" data-ultimate-bg-style=\"vcpb-default\" data-bg-img-repeat=\"no-repeat\" data-bg-img-size=\"cover\" data-bg-img-position=\"\" data-parallx_sense=\"30\" data-bg-override=\"0\" data-bg_img_attach=\"scroll\" data-upb-overlay-color=\"\" data-upb-bg-animation=\"\" data-fadeout=\"\" data-bg-animation=\"left-animation\" data-bg-animation-type=\"h\" data-animation-repeat=\"repeat\" data-fadeout-percentage=\"30\" data-parallax-content=\"\" data-parallax-content-sense=\"30\" data-row-effect-mobile-disable=\"true\" data-img-parallax-mobile-disable=\"true\" data-rtl=\"false\"  data-custom-vc-row=\"\"  data-vc=\"6.10.0\"  data-is_old_vc=\"\"  data-theme-support=\"\"   data-overlay=\"false\" data-overlay-color=\"\" data-overlay-pattern=\"\" data-overlay-pattern-opacity=\"\" data-overlay-pattern-size=\"\"    ><\/div><section class=\"l-section wpb_row height_medium with_img\"><div class=\"l-section-img\" data-img-width=\"1920\" data-img-height=\"1224\" style=\"background-image: url(https:\/\/www.aoscongres.com\/oeccrcccongres2023\/wp-content\/uploads\/2023\/04\/13.jpg);background-position: center left;background-repeat: no-repeat;background-size: contain;\"><\/div><div class=\"l-section-h i-cf\"><div class=\"g-cols vc_row via_flex valign_top type_default stacking_default\"><div class=\"vc_col-sm-12 wpb_column vc_column_container\"><div class=\"vc_column-inner\"><div class=\"wpb_wrapper\"><div class=\"wpb_text_column\"><div class=\"wpb_wrapper\"><h3 style=\"text-align: center;\"><span style=\"color: #0a84a9;\"><strong>R\u00c9SERVEZ VOTRE H\u00c9BERGEMENT !<\/strong><\/span><\/h3>\n<p style=\"text-align: center;\">Nous avons pr\u00e9-r\u00e9serv\u00e9 pour vous, via une centrale de r\u00e9servation, des chambres dans des h\u00f4tels de Marseille<br \/>\npour votre venue au 11\u00e8me Congr\u00e8s R\u00e9gional des Experts-Comptables et Commissaires aux Comptes.<\/p>\n<div style=\"text-align: center;\">Afin de b\u00e9n\u00e9ficier des meilleurs tarifs n\u00e9goci\u00e9s, et du fait d&rsquo;une forte demande pendant la p\u00e9riode de l&rsquo;\u00e9v\u00e9nement,<br \/>\nnous vous recommandons de r\u00e9server votre s\u00e9jour le plus t\u00f4t possible.<br \/>\nVotre r\u00e9servation d&rsquo;h\u00f4tel, vos donn\u00e9es et informations personnelles sont prot\u00e9g\u00e9es et s\u00e9curis\u00e9es.<\/div>\n<\/div><\/div><div class=\"w-separator size_medium\"><\/div><div class=\"w-html\"><script id=\"revolugo-widget\" src=\"https:\/\/widget.revolugo.com\/embed\" data-wid=\"oec-congres-2023\"><\/script><\/div><div class=\"w-separator size_medium\"><\/div><div class=\"wpb_text_column\"><div class=\"wpb_wrapper\"><p style=\"text-align: justify;\"><em>Pour toute assistance suppl\u00e9mentaire, vous pouvez contacter notre chef de projet d\u00e9di\u00e9 par e-mail \u00e0 <\/em><em>l&rsquo;adresse <a href=\"mailto:reservations@revolugo.com\">reservations@revolugo.com<\/a> ou par t\u00e9l\u00e9phone au +33 (0)1 80 06 62 88.<\/em><\/p>\n<\/div><\/div><\/div><\/div><\/div><\/div><\/div><\/section>\n","protected":false},"excerpt":{"rendered":"R\u00c9SERVEZ VOTRE H\u00c9BERGEMENT ! Nous avons pr\u00e9-r\u00e9serv\u00e9 pour vous, via une centrale de r\u00e9servation, des chambres dans des h\u00f4tels de Marseille pour votre venue au 11\u00e8me Congr\u00e8s R\u00e9gional des Experts-Comptables et Commissaires aux Comptes. Afin de b\u00e9n\u00e9ficier des meilleurs tarifs n\u00e9goci\u00e9s, et du fait d&rsquo;une forte demande pendant la p\u00e9riode de l&rsquo;\u00e9v\u00e9nement, nous vous recommandons...","protected":false},"author":1,"featured_media":0,"parent":0,"menu_order":0,"comment_status":"closed","ping_status":"closed","template":"","meta":{"footnotes":""},"class_list":["post-97","page","type-page","status-publish","hentry"],"_links":{"self":[{"href":"https:\/\/www.aoscongres.com\/oeccrcccongres2023\/wp-json\/wp\/v2\/pages\/97","targetHints":{"allow":["GET"]}}],"collection":[{"href":"https:\/\/www.aoscongres.com\/oeccrcccongres2023\/wp-json\/wp\/v2\/pages"}],"about":[{"href":"https:\/\/www.aoscongres.com\/oeccrcccongres2023\/wp-json\/wp\/v2\/types\/page"}],"author":[{"embeddable":true,"href":"https:\/\/www.aoscongres.com\/oeccrcccongres2023\/wp-json\/wp\/v2\/users\/1"}],"replies":[{"embeddable":true,"href":"https:\/\/www.aoscongres.com\/oeccrcccongres2023\/wp-json\/wp\/v2\/comments?post=97"}],"version-history":[{"count":10,"href":"https:\/\/www.aoscongres.com\/oeccrcccongres2023\/wp-json\/wp\/v2\/pages\/97\/revisions"}],"predecessor-version":[{"id":259,"href":"https:\/\/www.aoscongres.com\/oeccrcccongres2023\/wp-json\/wp\/v2\/pages\/97\/revisions\/259"}],"wp:attachment":[{"href":"https:\/\/www.aoscongres.com\/oeccrcccongres2023\/wp-json\/wp\/v2\/media?parent=97"}],"curies":[{"name":"wp","href":"https:\/\/api.w.org\/{rel}","templated":true}]}}