{"id":577,"date":"2022-05-16T14:19:23","date_gmt":"2022-05-16T12:19:23","guid":{"rendered":"https:\/\/www.aoscongres.com\/oeccrcccongres2022\/?page_id=577"},"modified":"2022-06-07T16:32:27","modified_gmt":"2022-06-07T14:32:27","slug":"tarifs","status":"publish","type":"page","link":"https:\/\/www.aoscongres.com\/oeccrcccongres2022\/tarifs\/","title":{"rendered":"Tarifs"},"content":{"rendered":"<section class=\"l-section wpb_row height_large color_primary pb_bg\"><div class=\"l-section-h i-cf\"><div class=\"g-cols offset_small\"><div class=\"vc_col-sm-12 wpb_column vc_column_container animate_afc d2\"><div class=\"vc_column-inner\"><div class=\"wpb_text_column \"><div class=\"wpb_wrapper\">\n<h1 class=\"updbox\" style=\"text-align: center;\">TARIFS<\/h1>\n<h5 style=\"text-align: center;\">CONGR\u00c8S R\u00c9GIONAL 7 &amp; 8 JUILLET<\/h5>\n<\/div> <\/div> <div class=\"w-iconbox iconpos_top size_medium style_default color_custom no_text\"><a class=\"w-iconbox-link\" href=\"#dessouss\"><div class=\"w-iconbox-icon\" style=\"color: #ffffff;\"><i class=\"fa fa-angle-down\"><\/i><\/div><\/a><\/div><div class=\"w-separator type_invisible size_huge thick_1 style_solid color_border cont_none\"><span class=\"w-separator-h\"><\/span><\/div><\/div><\/div><\/div><\/div><\/section><div class=\"particle_matrix_ref\" data-dotColor=\"rgba(255,255,255,0.23)\" data-lineColor=\"rgba(255,255,255,0.26)\"  data-particleRadius=\"7\" data-lineWidth=\"1\" data-minSpeedX=\"1\" data-maxSpeedX=\"1\" data-minSpeedY=\"1\" data-maxSpeedY=\"1\" data-directionX=\"center\" data-directionY=\"center\" data-density=\"12000\"><\/div><!-- Row Backgrounds --><div class=\"upb_bg_img\" data-ultimate-bg=\"url(https:\/\/www.aoscongres.com\/oeccrcccongres2022\/wp-content\/uploads\/2022\/04\/bleu.jpg)\" data-image-id=\"id^318|url^https:\/\/www.aoscongres.com\/oeccrcccongres2022\/wp-content\/uploads\/2022\/04\/bleu.jpg|caption^null|alt^null|title^bleu|description^null\" data-ultimate-bg-style=\"vcpb-default\" data-bg-img-repeat=\"no-repeat\" data-bg-img-size=\"cover\" data-bg-img-position=\"\" data-parallx_sense=\"30\" data-bg-override=\"0\" data-bg_img_attach=\"scroll\" data-upb-overlay-color=\"\" data-upb-bg-animation=\"\" data-fadeout=\"\" data-bg-animation=\"left-animation\" data-bg-animation-type=\"h\" data-animation-repeat=\"repeat\" data-fadeout-percentage=\"30\" data-parallax-content=\"\" data-parallax-content-sense=\"30\" data-row-effect-mobile-disable=\"true\" data-img-parallax-mobile-disable=\"true\" data-rtl=\"false\"  data-custom-vc-row=\"\"  data-vc=\"6.0.5\"  data-is_old_vc=\"\"  data-theme-support=\"\"   data-overlay=\"false\" data-overlay-color=\"\" data-overlay-pattern=\"\" data-overlay-pattern-opacity=\"\" data-overlay-pattern-size=\"\"    data-seperator=\"true\"  data-seperator-type=\"curve_up_seperator\"  data-seperator-shape-size=\"40\"  data-seperator-svg-height=\"150\"  data-seperator-full-width=\"true\" data-seperator-position=\"bottom_seperator\"  data-seperator-background-color=\"#ffffff\"  data-icon=\"\"  ><\/div><section class=\"l-section wpb_row height_auto pb_bg\"><div class=\"l-section-h i-cf\"><div class=\"g-cols offset_small\"><div class=\"vc_col-sm-2 wpb_column vc_column_container\"><div class=\"vc_column-inner\"><div class=\"w-separator type_invisible size_small thick_1 style_solid color_border cont_none\"><span class=\"w-separator-h\"><\/span><\/div><\/div><\/div><div class=\"vc_col-sm-8 wpb_column vc_column_container\"><div class=\"vc_column-inner\"><div class=\"w-btn-wrapper align_center\"><a class=\"w-btn style_solid color_primary icon_atleft\" href=\"https:\/\/www.aoscongres.com\/oeccrcccongres2022-inscription\/\" target=\"_blank\"><i class=\"mdfi_av_play_arrow\"><\/i><span class=\"w-btn-label\">INSCRIPTION<\/span><\/a><\/div><div class=\"w-separator type_invisible size_medium thick_1 style_solid color_border cont_none\"><span class=\"w-separator-h\"><\/span><\/div><div class=\"g-cols wpb_row offset_small valign_middle vc_inner  vc_custom_1653437298482\"><div class=\"vc_col-sm-9 wpb_column vc_column_container\"><div class=\"vc_column-inner\"><div class=\"wpb_text_column \"><div class=\"wpb_wrapper\">\n<h5><span style=\"color: #333399;\"><strong>CAT\u00c9GORIE PARTICIPANTS<\/strong><\/span><\/h5>\n<\/div> <\/div> <\/div><\/div><div class=\"vc_col-sm-3 wpb_column vc_column_container\"><div class=\"vc_column-inner\"><div class=\"wpb_text_column \"><div class=\"wpb_wrapper\">\n<h5><span style=\"color: #333399;\"><strong>TARIFS<\/strong><\/span><\/h5>\n<\/div> <\/div> <\/div><\/div><\/div><div class=\"g-cols wpb_row offset_small valign_middle vc_inner  vc_custom_1653437323684\"><div class=\"vc_col-sm-9 wpb_column vc_column_container\"><div class=\"vc_column-inner\"><div class=\"wpb_text_column \"><div class=\"wpb_wrapper\"><p>Expert-Comptable &#8211; Commissaire aux Comptes<\/p><\/div> <\/div> <\/div><\/div><div class=\"vc_col-sm-3 wpb_column vc_column_container\"><div class=\"vc_column-inner\"><div class=\"wpb_text_column \"><div class=\"wpb_wrapper\"><p>150\u20ac<\/p><\/div> <\/div> <\/div><\/div><\/div><div class=\"g-cols wpb_row offset_small valign_middle vc_inner  vc_custom_1653437298482\"><div class=\"vc_col-sm-9 wpb_column vc_column_container\"><div class=\"vc_column-inner\"><div class=\"wpb_text_column \"><div class=\"wpb_wrapper\"><p>ART 83T &#8211; 83 QUATER<\/p><\/div> <\/div> <\/div><\/div><div class=\"vc_col-sm-3 wpb_column vc_column_container\"><div class=\"vc_column-inner\"><div class=\"wpb_text_column \"><div class=\"wpb_wrapper\"><p>150\u20ac<\/p><\/div> <\/div> <\/div><\/div><\/div><div class=\"g-cols wpb_row offset_small valign_middle vc_inner  vc_custom_1653437323684\"><div class=\"vc_col-sm-9 wpb_column vc_column_container\"><div class=\"vc_column-inner\"><div class=\"wpb_text_column \"><div class=\"wpb_wrapper\"><p>Collaborateur<\/p><\/div> <\/div> <\/div><\/div><div class=\"vc_col-sm-3 wpb_column vc_column_container\"><div class=\"vc_column-inner\"><div class=\"wpb_text_column \"><div class=\"wpb_wrapper\"><p>75\u20ac<\/p><\/div> <\/div> <\/div><\/div><\/div><div class=\"g-cols wpb_row offset_small valign_middle vc_inner  vc_custom_1653437298482\"><div class=\"vc_col-sm-9 wpb_column vc_column_container\"><div class=\"vc_column-inner\"><div class=\"wpb_text_column \"><div class=\"wpb_wrapper\"><p>Inscrit moins de 3 ans (EC &#8211; CAC &#8211; 2020\/2021\/2022)<\/p><\/div> <\/div> <\/div><\/div><div class=\"vc_col-sm-3 wpb_column vc_column_container\"><div class=\"vc_column-inner\"><div class=\"wpb_text_column \"><div class=\"wpb_wrapper\"><p>75\u20ac<\/p><\/div> <\/div> <\/div><\/div><\/div><div class=\"g-cols wpb_row offset_small valign_middle vc_inner  vc_custom_1653437323684\"><div class=\"vc_col-sm-9 wpb_column vc_column_container\"><div class=\"vc_column-inner\"><div class=\"wpb_text_column \"><div class=\"wpb_wrapper\"><p>M\u00e9morialiste<\/p><\/div> <\/div> <\/div><\/div><div class=\"vc_col-sm-3 wpb_column vc_column_container\"><div class=\"vc_column-inner\"><div class=\"wpb_text_column \"><div class=\"wpb_wrapper\"><p>75\u20ac<\/p><\/div> <\/div> <\/div><\/div><\/div><div class=\"g-cols wpb_row offset_small valign_middle vc_inner  vc_custom_1653437807953\"><div class=\"vc_col-sm-9 wpb_column vc_column_container\"><div class=\"vc_column-inner\"><div class=\"wpb_text_column \"><div class=\"wpb_wrapper\"><p>Stagiaire<\/p><\/div> <\/div> <\/div><\/div><div class=\"vc_col-sm-3 wpb_column vc_column_container\"><div class=\"vc_column-inner\"><div class=\"wpb_text_column \"><div class=\"wpb_wrapper\"><p>75\u20ac<\/p><\/div> <\/div> <\/div><\/div><\/div><div class=\"g-cols wpb_row offset_small valign_middle vc_inner  vc_custom_1653437323684\"><div class=\"vc_col-sm-9 wpb_column vc_column_container\"><div class=\"vc_column-inner\"><div class=\"wpb_text_column \"><div class=\"wpb_wrapper\"><p>Stagiaire adh\u00e9rent ANECS<\/p><\/div> <\/div> <\/div><\/div><div class=\"vc_col-sm-3 wpb_column vc_column_container\"><div class=\"vc_column-inner\"><div class=\"wpb_text_column \"><div class=\"wpb_wrapper\"><p>25\u20ac<\/p><\/div> <\/div> <\/div><\/div><\/div><div class=\"g-cols wpb_row offset_small valign_middle vc_inner  vc_custom_1653437807953\"><div class=\"vc_col-sm-9 wpb_column vc_column_container\"><div class=\"vc_column-inner\"><div class=\"wpb_text_column \"><div class=\"wpb_wrapper\"><p>Accompagnant \u00e0 la C\u00e9r\u00e9monie de Prestation de Serment<\/p><\/div> <\/div> <div class=\"w-separator type_invisible size_huge thick_1 style_solid color_border cont_none\"><span class=\"w-separator-h\"><\/span><\/div><\/div><\/div><div class=\"vc_col-sm-3 wpb_column vc_column_container\"><div class=\"vc_column-inner\"><div class=\"wpb_text_column \"><div class=\"wpb_wrapper\"><p>0\u20ac<\/p><\/div> <\/div> <div class=\"w-separator type_invisible size_huge thick_1 style_solid color_border cont_none\"><span class=\"w-separator-h\"><\/span><\/div><\/div><\/div><\/div><\/div><\/div><div class=\"vc_col-sm-2 wpb_column vc_column_container\"><div class=\"vc_column-inner\"><\/div><\/div><\/div><\/div><\/section>\n","protected":false},"excerpt":{"rendered":"TARIFS CONGR\u00c8S R\u00c9GIONAL 7 &amp; 8 JUILLET INSCRIPTION CAT\u00c9GORIE PARTICIPANTS TARIFS Expert-Comptable - Commissaire aux Comptes 150\u20ac ART 83T - 83 QUATER 150\u20ac Collaborateur 75\u20ac Inscrit moins de 3 ans (EC - CAC - 2020\/2021\/2022) 75\u20ac M\u00e9morialiste 75\u20ac Stagiaire 75\u20ac Stagiaire adh\u00e9rent ANECS 25\u20ac Accompagnant \u00e0 la C\u00e9r\u00e9monie de Prestation de Serment 0\u20ac","protected":false},"author":1,"featured_media":0,"parent":0,"menu_order":0,"comment_status":"closed","ping_status":"closed","template":"","meta":{"footnotes":""},"class_list":["post-577","page","type-page","status-publish","hentry"],"_links":{"self":[{"href":"https:\/\/www.aoscongres.com\/oeccrcccongres2022\/wp-json\/wp\/v2\/pages\/577","targetHints":{"allow":["GET"]}}],"collection":[{"href":"https:\/\/www.aoscongres.com\/oeccrcccongres2022\/wp-json\/wp\/v2\/pages"}],"about":[{"href":"https:\/\/www.aoscongres.com\/oeccrcccongres2022\/wp-json\/wp\/v2\/types\/page"}],"author":[{"embeddable":true,"href":"https:\/\/www.aoscongres.com\/oeccrcccongres2022\/wp-json\/wp\/v2\/users\/1"}],"replies":[{"embeddable":true,"href":"https:\/\/www.aoscongres.com\/oeccrcccongres2022\/wp-json\/wp\/v2\/comments?post=577"}],"version-history":[{"count":12,"href":"https:\/\/www.aoscongres.com\/oeccrcccongres2022\/wp-json\/wp\/v2\/pages\/577\/revisions"}],"predecessor-version":[{"id":625,"href":"https:\/\/www.aoscongres.com\/oeccrcccongres2022\/wp-json\/wp\/v2\/pages\/577\/revisions\/625"}],"wp:attachment":[{"href":"https:\/\/www.aoscongres.com\/oeccrcccongres2022\/wp-json\/wp\/v2\/media?parent=577"}],"curies":[{"name":"wp","href":"https:\/\/api.w.org\/{rel}","templated":true}]}}