{"id":543,"date":"2022-05-06T17:49:57","date_gmt":"2022-05-06T15:49:57","guid":{"rendered":"https:\/\/www.aoscongres.com\/oeccrcccongres2022\/?page_id=543"},"modified":"2022-05-06T17:49:57","modified_gmt":"2022-05-06T15:49:57","slug":"hebergement","status":"publish","type":"page","link":"https:\/\/www.aoscongres.com\/oeccrcccongres2022\/hebergement\/","title":{"rendered":"H\u00c9BERGEMENT"},"content":{"rendered":"<section class=\"l-section wpb_row height_large color_primary pb_bg\"><div class=\"l-section-h i-cf\"><div class=\"g-cols offset_small\"><div class=\"vc_col-sm-12 wpb_column vc_column_container animate_afc d2\"><div class=\"vc_column-inner\"><div class=\"wpb_text_column \"><div class=\"wpb_wrapper\">\n<h1 class=\"updbox\" style=\"text-align: center;\">H\u00c9BERGEMENT<\/h1>\n<h5 style=\"text-align: center;\">CONGR\u00c8S R\u00c9GIONAL 7 &amp; 8 JUILLET<\/h5>\n<\/div> <\/div> <div class=\"w-iconbox iconpos_top size_medium style_default color_custom no_text\"><a class=\"w-iconbox-link\" href=\"#dessouss\"><div class=\"w-iconbox-icon\" style=\"color: #ffffff;\"><i class=\"fa fa-angle-down\"><\/i><\/div><\/a><\/div><div class=\"w-separator type_invisible size_huge thick_1 style_solid color_border cont_none\"><span class=\"w-separator-h\"><\/span><\/div><\/div><\/div><\/div><\/div><\/section><div class=\"particle_matrix_ref\" data-dotColor=\"rgba(255,255,255,0.23)\" data-lineColor=\"rgba(255,255,255,0.26)\"  data-particleRadius=\"7\" data-lineWidth=\"1\" data-minSpeedX=\"1\" data-maxSpeedX=\"1\" data-minSpeedY=\"1\" data-maxSpeedY=\"1\" data-directionX=\"center\" data-directionY=\"center\" data-density=\"12000\"><\/div><!-- Row Backgrounds --><div class=\"upb_bg_img\" data-ultimate-bg=\"url(https:\/\/www.aoscongres.com\/oeccrcccongres2022\/wp-content\/uploads\/2022\/04\/bleu.jpg)\" data-image-id=\"id^318|url^https:\/\/www.aoscongres.com\/oeccrcccongres2022\/wp-content\/uploads\/2022\/04\/bleu.jpg|caption^null|alt^null|title^bleu|description^null\" data-ultimate-bg-style=\"vcpb-default\" data-bg-img-repeat=\"no-repeat\" data-bg-img-size=\"cover\" data-bg-img-position=\"\" data-parallx_sense=\"30\" data-bg-override=\"0\" data-bg_img_attach=\"scroll\" data-upb-overlay-color=\"\" data-upb-bg-animation=\"\" data-fadeout=\"\" data-bg-animation=\"left-animation\" data-bg-animation-type=\"h\" data-animation-repeat=\"repeat\" data-fadeout-percentage=\"30\" data-parallax-content=\"\" data-parallax-content-sense=\"30\" data-row-effect-mobile-disable=\"true\" data-img-parallax-mobile-disable=\"true\" data-rtl=\"false\"  data-custom-vc-row=\"\"  data-vc=\"6.0.5\"  data-is_old_vc=\"\"  data-theme-support=\"\"   data-overlay=\"false\" data-overlay-color=\"\" data-overlay-pattern=\"\" data-overlay-pattern-opacity=\"\" data-overlay-pattern-size=\"\"    data-seperator=\"true\"  data-seperator-type=\"curve_up_seperator\"  data-seperator-shape-size=\"40\"  data-seperator-svg-height=\"150\"  data-seperator-full-width=\"true\" data-seperator-position=\"bottom_seperator\"  data-seperator-background-color=\"#ffffff\"  data-icon=\"\"  ><\/div><section class=\"l-section wpb_row height_medium pb_bg\"><div class=\"l-section-h i-cf\"><div class=\"g-cols offset_small\"><div class=\"vc_col-sm-12 wpb_column vc_column_container\"><div class=\"vc_column-inner\"><div class=\"wpb_text_column \"><div class=\"wpb_wrapper\">\n<h2 style=\"text-align: center;\">R\u00e9servez votre h\u00e9b\u00e9rgement !<\/h2>\n<p style=\"text-align: center;\">R\u00e9volugo est l&rsquo;agence de voyage officielle du 10\u00e8me Congr\u00e8s R\u00e9gional des Experts-Comptables et Commissaires aux Comptes.<\/p>\n<div style=\"text-align: center;\">Afin de b\u00e9n\u00e9ficier des meilleurs tarifs n\u00e9goci\u00e9s, et du fait d&rsquo;une forte demande pendant la p\u00e9riode de l&rsquo;\u00e9v\u00e9nement,<br \/>\nnous vous recommandons de r\u00e9server votre s\u00e9jour le plus t\u00f4t possible.<br \/>\nVotre r\u00e9servation d&rsquo;h\u00f4tel, vos donn\u00e9es et informations personnelles sont prot\u00e9g\u00e9es et s\u00e9curis\u00e9es.<\/div>\n<\/div> <\/div> <div class=\"w-separator type_invisible size_medium thick_1 style_solid color_border cont_none\"><span class=\"w-separator-h\"><\/span><\/div><div class=\"wpb_text_column \"><div class=\"wpb_wrapper\"><script id=\"revolugo-widget\" src=\"https:\/\/widget.revolugo.com\/embed\" data-wid=\"congres-oec-2022\"><\/script><\/div> <\/div> <div class=\"w-separator type_invisible size_medium thick_1 style_solid color_border cont_none\"><span class=\"w-separator-h\"><\/span><\/div><div class=\"wpb_text_column \"><div class=\"wpb_wrapper\">\n<p style=\"text-align: justify;\"><em>Pour toute assistance suppl\u00e9mentaire, vous pouvez contacter notre chef de projet d\u00e9di\u00e9 par e-mail \u00e0 <\/em><em>l&rsquo;adresse <a href=\"mailto:reservations@revolugo.com\">reservations@revolugo.com<\/a> ou par t\u00e9l\u00e9phone au +33 (0)1 80 06 62 88.<\/em><\/p>\n<\/div> <\/div> <\/div><\/div><\/div><\/div><\/section>\n","protected":false},"excerpt":{"rendered":"H\u00c9BERGEMENT CONGR\u00c8S R\u00c9GIONAL 7 &amp; 8 JUILLET R\u00e9servez votre h\u00e9b\u00e9rgement ! R\u00e9volugo est l'agence de voyage officielle du 10\u00e8me Congr\u00e8s R\u00e9gional des Experts-Comptables et Commissaires aux Comptes. Afin de b\u00e9n\u00e9ficier des meilleurs tarifs n\u00e9goci\u00e9s, et du fait d'une forte demande pendant la p\u00e9riode de l'\u00e9v\u00e9nement, nous vous recommandons de r\u00e9server votre s\u00e9jour le plus t\u00f4t...","protected":false},"author":1,"featured_media":0,"parent":0,"menu_order":0,"comment_status":"closed","ping_status":"closed","template":"","meta":{"footnotes":""},"class_list":["post-543","page","type-page","status-publish","hentry"],"_links":{"self":[{"href":"https:\/\/www.aoscongres.com\/oeccrcccongres2022\/wp-json\/wp\/v2\/pages\/543","targetHints":{"allow":["GET"]}}],"collection":[{"href":"https:\/\/www.aoscongres.com\/oeccrcccongres2022\/wp-json\/wp\/v2\/pages"}],"about":[{"href":"https:\/\/www.aoscongres.com\/oeccrcccongres2022\/wp-json\/wp\/v2\/types\/page"}],"author":[{"embeddable":true,"href":"https:\/\/www.aoscongres.com\/oeccrcccongres2022\/wp-json\/wp\/v2\/users\/1"}],"replies":[{"embeddable":true,"href":"https:\/\/www.aoscongres.com\/oeccrcccongres2022\/wp-json\/wp\/v2\/comments?post=543"}],"version-history":[{"count":3,"href":"https:\/\/www.aoscongres.com\/oeccrcccongres2022\/wp-json\/wp\/v2\/pages\/543\/revisions"}],"predecessor-version":[{"id":666,"href":"https:\/\/www.aoscongres.com\/oeccrcccongres2022\/wp-json\/wp\/v2\/pages\/543\/revisions\/666"}],"wp:attachment":[{"href":"https:\/\/www.aoscongres.com\/oeccrcccongres2022\/wp-json\/wp\/v2\/media?parent=543"}],"curies":[{"name":"wp","href":"https:\/\/api.w.org\/{rel}","templated":true}]}}